{"id":2715,"date":"2023-04-05T17:14:10","date_gmt":"2023-04-05T15:14:10","guid":{"rendered":"https:\/\/www.visitepalaisdemonaco.com\/?page_id=2715"},"modified":"2023-04-05T17:15:25","modified_gmt":"2023-04-05T15:15:25","slug":"mentions-legales","status":"publish","type":"page","link":"https:\/\/www.visitepalaisdemonaco.com\/en\/mentions-legales\/","title":{"rendered":"Legal notice"},"content":{"rendered":"<div class=\"wpb-content-wrapper\"><div class=\"vc_row wpb_row vc_row-fluid\" ><div class=\"wpb_column vc_column_container vc_col-sm-12\"><div class=\"vc_column-inner\"><div class=\"wpb_wrapper\">\n\t<div class=\"wpb_text_column wpb_content_element\" >\n\t\t<div class=\"wpb_wrapper\">\n\t\t\t<p>The website www.visitepalaisdemonaco.com is owned by the Prince's Palace of Monaco.<br \/>\nThis website is published by: Prince's Palace of Monaco P.O. Box 518 \u2013 MC 98015 Monaco Cedex<\/p>\n<h4>Data protection<\/h4>\n<p>The website www.visitepalaisdemonaco.com uses automated processing of personal data for the purpose of ensuring smooth navigation for users and communication with those who wish to engage.<\/p>\n<p>Thus, these treatments allow:<\/p>\n<ul>\n<li>\u2013 to receive and process their suggestions,<\/li>\n<li>\u2013 to respond to the requests made,<\/li>\n<li>\u2013 to measure the site's audience.<\/li>\n<\/ul>\n<p>This data is collected from the voluntary registration of internet users and is intended for the use of the site manager. In accordance with Law N\u00b01.165 of 23 December 1993 regulating the processing of personal data, you have the right to access, rectify, modify and delete information concerning you.<br \/>\nYou can exercise this right by writing to the Prince's Palace of Monaco, P.O. Box 518 \u2013 MC 98015 Monaco Cedex.\nHowever, we will take care to verify your identity before granting you access to your personal data or acting on your correction requests.<\/p>\n<h4>Copyright<\/h4>\n<p>The content of the website www.visitepalaisdemonaco.com is protected by current legislation. The Prince's Palace of Monaco is the exclusive holder of all intellectual property rights over the site and its content (texts, photographs, illustrations, images, logos, etc.).<br \/>\nThe content of this Site is subject to copyright and its reproduction or distribution, without the express written authorisation of the Prince's Palace of Monaco, constitutes an infringement punishable by criminal penalties.<br \/>\nAny unauthorised reproduction of photos, logos, and distinctive signs constitutes an infringement punishable by criminal sanctions. The offender faces civil and criminal penalties, including those provided for by the Intellectual Property Code.<\/p>\n<p>The website www.visitepalaisdemonaco.com authorises the creation of hypertext links to its pages, subject to:<br \/>\n\u2013 Do not use the technique of deep linking, meaning that the pages of the www.visitepalaisdemonaco.com website should not be nested within the pages of another site, but should be visible by opening an independent window.,<br \/>\n\u2013 Mention the source, which will point directly to the intended content via a hyperlink.<br \/>\nThe information used must only be for personal, educational, associative or professional purposes. Any use for commercial or advertising purposes is prohibited.<br \/>\nThis authorisation in no way applies to websites disseminating information that is racist, pornographic, xenophobic, controversial or that could, in general, offend the sensibilities of the widest possible audience.<\/p>\n<h4>Warnings<\/h4>\n<p>Despite all the care taken in drafting this site to ensure the accuracy of the information and despite regular updates, accidental errors cannot be completely excluded.<br \/>\nThe information available on the website is liable to change at any time and may have been updated. In particular, it may have been updated between the time it was downloaded and when the user becomes aware of it.<\/p>\n\n\t\t<\/div>\n\t<\/div>\n<\/div><\/div><\/div><\/div>\n<\/div>","protected":false},"excerpt":{"rendered":"Le site www.visitepalaisdemonaco.com est un site propri\u00e9taire du Palais princier de Monaco. Ce site est \u00e9dit\u00e9 par : Palais princier de Monaco B.P. 518 - MC 98015 Monaco Cedex Protection des donn\u00e9es personnelles Le site www.visitepalaisdemonaco.com met en \u0153uvre des [...]","protected":false},"author":2,"featured_media":0,"parent":0,"menu_order":0,"comment_status":"closed","ping_status":"closed","template":"","meta":{"inline_featured_image":false,"footnotes":""},"class_list":["post-2715","page","type-page","status-publish","hentry"],"_links":{"self":[{"href":"https:\/\/www.visitepalaisdemonaco.com\/en\/wp-json\/wp\/v2\/pages\/2715","targetHints":{"allow":["GET"]}}],"collection":[{"href":"https:\/\/www.visitepalaisdemonaco.com\/en\/wp-json\/wp\/v2\/pages"}],"about":[{"href":"https:\/\/www.visitepalaisdemonaco.com\/en\/wp-json\/wp\/v2\/types\/page"}],"author":[{"embeddable":true,"href":"https:\/\/www.visitepalaisdemonaco.com\/en\/wp-json\/wp\/v2\/users\/2"}],"replies":[{"embeddable":true,"href":"https:\/\/www.visitepalaisdemonaco.com\/en\/wp-json\/wp\/v2\/comments?post=2715"}],"version-history":[{"count":2,"href":"https:\/\/www.visitepalaisdemonaco.com\/en\/wp-json\/wp\/v2\/pages\/2715\/revisions"}],"predecessor-version":[{"id":2717,"href":"https:\/\/www.visitepalaisdemonaco.com\/en\/wp-json\/wp\/v2\/pages\/2715\/revisions\/2717"}],"wp:attachment":[{"href":"https:\/\/www.visitepalaisdemonaco.com\/en\/wp-json\/wp\/v2\/media?parent=2715"}],"curies":[{"name":"wp","href":"https:\/\/api.w.org\/{rel}","templated":true}]}}